{"id":51383,"date":"2018-01-17T13:01:19","date_gmt":"2018-01-17T13:01:19","guid":{"rendered":"https:\/\/lorenzboeck.blackit.de\/?page_id=51383"},"modified":"2019-04-25T14:32:41","modified_gmt":"2019-04-25T14:32:41","slug":"start","status":"publish","type":"page","link":"https:\/\/lobomotion.de\/","title":{"rendered":"Start"},"content":{"rendered":"<p>[et_pb_section fb_built=&#8220;1&#8243; admin_label=&#8220;Hero Section&#8220; _builder_version=&#8220;3.22.4&#8243; background_image=&#8220;https:\/\/lobomotion.de\/wp-content\/uploads\/2017\/10\/background-image-psl300.jpg&#8220; background_position=&#8220;center_right&#8220; custom_padding=&#8220;10%||16%|&#8220; bottom_divider_style=&#8220;slant&#8220; bottom_divider_color=&#8220;#f8e533&#8243;][et_pb_row _builder_version=&#8220;3.22.3&#8243; background_size=&#8220;initial&#8220; background_position=&#8220;top_left&#8220; background_repeat=&#8220;repeat&#8220;][et_pb_column type=&#8220;4_4&#8243; _builder_version=&#8220;3.0.47&#8243;][et_pb_text admin_label=&#8220;Hero Section Title&#8220; _builder_version=&#8220;3.22.4&#8243; text_font=&#8220;LoboMotion_futurastd-extrabold|700||on|||||&#8220; header_font=&#8220;LoboMotion_futurastd-extrabold||||||||&#8220; header_font_size=&#8220;48px&#8220; header_font_size_phone=&#8220;28px&#8220; header_font_size_last_edited=&#8220;on|phone&#8220; header_letter_spacing=&#8220;3px&#8220; header_line_height=&#8220;1.3em&#8220; header_2_font=&#8220;LoboMotion_futurastd-extrabold|700|||||||&#8220; header_2_text_color=&#8220;rgba(255,255,255,0.6)&#8220; header_2_font_size=&#8220;90px&#8220; header_2_font_size_phone=&#8220;50px&#8220; header_2_font_size_last_edited=&#8220;on|phone&#8220; header_2_letter_spacing=&#8220;3px&#8220; header_2_line_height=&#8220;1.1em&#8220; text_orientation=&#8220;center&#8220; background_layout=&#8220;dark&#8220; module_alignment=&#8220;center&#8220; custom_margin=&#8220;||60px|&#8220; animation_style=&#8220;slide&#8220; animation_direction=&#8220;bottom&#8220; animation_intensity_slide=&#8220;5%&#8220; inline_fonts=&#8220;lobomotion-futura&#8220;]<\/p>\n<h2><span style=\"color: #081c2c;\">LOBOMOtion<\/span><\/h2>\n<h1><strong><span style=\"color: #081c2c; font-family: lobomotion-futura;\">Turns Darkness into <span style=\"color: #f8e533;\">light<\/span><\/span><\/strong><\/h1>\n<p>[\/et_pb_text][et_pb_image _builder_version=&#8220;3.0.95&#8243;]&nbsp;<br \/>\n[\/et_pb_image][et_pb_button button_url=&#8220;\/index.php\/shop\/&#8220; button_text=&#8220;Unsere Produkte&#8220; button_alignment=&#8220;center&#8220; _builder_version=&#8220;3.22.4&#8243; custom_button=&#8220;on&#8220; button_text_size=&#8220;16px&#8220; button_text_color=&#8220;#000000&#8243; button_bg_color=&#8220;#f8e533&#8243; button_border_width=&#8220;0px&#8220; button_letter_spacing=&#8220;2px&#8220; button_font=&#8220;lobomotion-futura|600||on|||||&#8220; custom_margin=&#8220;|||&#8220; custom_padding=&#8220;12px||12px|&#8220; animation_style=&#8220;fade&#8220; button_letter_spacing_hover=&#8220;2px&#8220; button_text_size__hover_enabled=&#8220;off&#8220; button_one_text_size__hover_enabled=&#8220;off&#8220; button_two_text_size__hover_enabled=&#8220;off&#8220; button_text_color__hover_enabled=&#8220;off&#8220; button_one_text_color__hover_enabled=&#8220;off&#8220; button_two_text_color__hover_enabled=&#8220;off&#8220; button_border_width__hover_enabled=&#8220;off&#8220; button_one_border_width__hover_enabled=&#8220;off&#8220; button_two_border_width__hover_enabled=&#8220;off&#8220; button_border_color__hover_enabled=&#8220;off&#8220; button_one_border_color__hover_enabled=&#8220;off&#8220; button_two_border_color__hover_enabled=&#8220;off&#8220; button_border_radius__hover_enabled=&#8220;off&#8220; button_one_border_radius__hover_enabled=&#8220;off&#8220; button_two_border_radius__hover_enabled=&#8220;off&#8220; button_letter_spacing__hover_enabled=&#8220;on&#8220; button_letter_spacing__hover=&#8220;2px&#8220; button_one_letter_spacing__hover_enabled=&#8220;off&#8220; button_two_letter_spacing__hover_enabled=&#8220;off&#8220; button_bg_color__hover_enabled=&#8220;off&#8220; button_one_bg_color__hover_enabled=&#8220;off&#8220; button_two_bg_color__hover_enabled=&#8220;off&#8220;]&nbsp;<br \/>\n[\/et_pb_button][et_pb_image _builder_version=&#8220;3.0.105&#8243;]&nbsp;<br \/>\n[\/et_pb_image][\/et_pb_column][\/et_pb_row][\/et_pb_section][et_pb_section fb_built=&#8220;1&#8243; admin_label=&#8220;About Section&#8220; _builder_version=&#8220;3.22.3&#8243; background_color=&#8220;#000000&#8243; custom_padding=&#8220;90px||90px|&#8220; bottom_divider_style=&#8220;slant&#8220; bottom_divider_color=&#8220;#f8e533&#8243;][et_pb_row custom_padding=&#8220;||0px|&#8220; custom_margin=&#8220;||40px|&#8220; admin_label=&#8220;Section Title&#8220; _builder_version=&#8220;3.22.3&#8243;][et_pb_column type=&#8220;4_4&#8243; _builder_version=&#8220;3.0.47&#8243;][et_pb_text admin_label=&#8220;Title&#8220; _builder_version=&#8220;3.22.4&#8243; text_font=&#8220;LoboMotion_futurastd-extrabold||||||||&#8220; header_font=&#8220;LoboMotion_futurastd-extrabold||||||||&#8220; header_2_font=&#8220;LoboMotion_futurastd-extrabold|||on|||||&#8220; header_2_text_align=&#8220;center&#8220; header_2_font_size=&#8220;30px&#8220; background_layout=&#8220;dark&#8220; custom_margin=&#8220;||5px|&#8220; animation_style=&#8220;slide&#8220; animation_direction=&#8220;top&#8220; animation_intensity_slide=&#8220;20%&#8220; animation_starting_opacity=&#8220;100%&#8220; inline_fonts=&#8220;lobomotion-futura&#8220;]<\/p>\n<h2><span style=\"font-family: lobomotion-futura; font-weight: normal;\">\u00a0In welchen Bereichen <span style=\"color: #ffed00;\">leuchten <\/span>wir<\/span><\/h2>\n<p>[\/et_pb_text][et_pb_divider show_divider=&#8220;off&#8220; _builder_version=&#8220;3.2&#8243; max_width=&#8220;23px&#8220; module_alignment=&#8220;center&#8220; animation_style=&#8220;slide&#8220; animation_direction=&#8220;top&#8220; animation_intensity_slide=&#8220;20%&#8220; animation_starting_opacity=&#8220;100%&#8220;]&nbsp;<br \/>\n[\/et_pb_divider][\/et_pb_column][\/et_pb_row][et_pb_row admin_label=&#8220;Service Area&#8220; _builder_version=&#8220;3.22.3&#8243;][et_pb_column type=&#8220;1_3&#8243; _builder_version=&#8220;3.0.47&#8243;][et_pb_blurb title=&#8220;Katastrophenschutz&#8220; image=&#8220;https:\/\/lobomotion.de\/wp-content\/uploads\/2018\/03\/Katschutz.png&#8220; icon_placement=&#8220;left&#8220; admin_label=&#8220;Katastrophenschutz&#8220; _builder_version=&#8220;3.22.4&#8243; header_font=&#8220;LoboMotion_futurastd-extrabold|600|||||||&#8220; header_text_color=&#8220;#f8e533&#8243; header_font_size=&#8220;20px&#8220; body_font_size=&#8220;16px&#8220; body_line_height=&#8220;1.8em&#8220; background_layout=&#8220;dark&#8220; animation_style=&#8220;fold&#8220; animation_direction=&#8220;bottom&#8220; animation_intensity_fold=&#8220;20%&#8220; animation_starting_opacity=&#8220;100%&#8220;]<\/p>\n<p>Extreme Situationen erfordern zuverl\u00e4ssigstes Material f\u00fcr die Sicherheit Aller!<\/p>\n<p>[\/et_pb_blurb][\/et_pb_column][et_pb_column type=&#8220;1_3&#8243; _builder_version=&#8220;3.0.47&#8243;][et_pb_blurb title=&#8220;Feuerwehr&#8220; image=&#8220;https:\/\/lobomotion.de\/wp-content\/uploads\/2018\/03\/Feuerwehr_neu.png&#8220; icon_placement=&#8220;left&#8220; admin_label=&#8220;Feuerwehr&#8220; _builder_version=&#8220;3.0.106&#8243; header_font=&#8220;LoboMotion_futurastd-extrabold|600|||||||&#8220; header_text_color=&#8220;#f8e533&#8243; header_font_size=&#8220;20px&#8220; body_font_size=&#8220;16px&#8220; body_line_height=&#8220;1.8em&#8220; background_layout=&#8220;dark&#8220; animation_style=&#8220;fold&#8220; animation_direction=&#8220;bottom&#8220; animation_intensity_fold=&#8220;20%&#8220; animation_starting_opacity=&#8220;100%&#8220;]Wo sich Menschen in Not befinden, darf keiner im dunklen stehen!<br \/>\n[\/et_pb_blurb][\/et_pb_column][et_pb_column type=&#8220;1_3&#8243; _builder_version=&#8220;3.0.47&#8243;][et_pb_blurb title=&#8220;Veranstaltungen&#8220; image=&#8220;https:\/\/lobomotion.de\/wp-content\/uploads\/2018\/03\/Veranstaltungen.png&#8220; icon_placement=&#8220;left&#8220; admin_label=&#8220;Veranstaltungen&#8220; _builder_version=&#8220;3.22.4&#8243; header_font=&#8220;LoboMotion_futurastd-extrabold|600|||||||&#8220; header_text_color=&#8220;#f8e533&#8243; header_font_size=&#8220;20px&#8220; body_font_size=&#8220;16px&#8220; body_line_height=&#8220;1.8em&#8220; background_layout=&#8220;dark&#8220; animation_style=&#8220;fold&#8220; animation_direction=&#8220;bottom&#8220; animation_intensity_fold=&#8220;20%&#8220; animation_starting_opacity=&#8220;100%&#8220;]<\/p>\n<div class=\"\">F\u00fcr dunkle Ecken und hell beleuchtete Fluchtwege!<\/div>\n<div class=\"\"><\/div>\n<p>[\/et_pb_blurb][\/et_pb_column][\/et_pb_row][et_pb_row custom_margin=&#8220;15px|||&#8220; admin_label=&#8220;Service Area&#8220; _builder_version=&#8220;3.22.3&#8243;][et_pb_column type=&#8220;1_3&#8243; _builder_version=&#8220;3.0.47&#8243;][et_pb_blurb title=&#8220;Baustellen&#8220; image=&#8220;https:\/\/lobomotion.de\/wp-content\/uploads\/2018\/03\/Baustelle.png&#8220; icon_placement=&#8220;left&#8220; admin_label=&#8220;Baustellen&#8220; _builder_version=&#8220;3.22.4&#8243; header_font=&#8220;LoboMotion_futurastd-extrabold|600|||||||&#8220; header_text_color=&#8220;#f8e533&#8243; header_font_size=&#8220;20px&#8220; body_font_size=&#8220;16px&#8220; body_line_height=&#8220;1.8em&#8220; background_layout=&#8220;dark&#8220; animation_style=&#8220;fold&#8220; animation_direction=&#8220;bottom&#8220; animation_intensity_fold=&#8220;20%&#8220; animation_starting_opacity=&#8220;100%&#8220;]<\/p>\n<div class=\"\">Schmutz, K\u00e4lte, N\u00e4sse &#8211;<br \/> auch unter widrigsten Bedingungen<br \/> leuchten wir zuverl\u00e4ssig<\/div>\n<div class=\"\"><\/div>\n<p>[\/et_pb_blurb][\/et_pb_column][et_pb_column type=&#8220;1_3&#8243; _builder_version=&#8220;3.0.47&#8243;][et_pb_blurb title=&#8220;Camping&#8220; image=&#8220;https:\/\/lobomotion.de\/wp-content\/uploads\/2018\/03\/Camping.png&#8220; icon_placement=&#8220;left&#8220; admin_label=&#8220;Camping&#8220; _builder_version=&#8220;3.22.4&#8243; header_font=&#8220;LoboMotion_futurastd-extrabold|600|||||||&#8220; header_text_color=&#8220;#f8e533&#8243; header_font_size=&#8220;20px&#8220; body_font_size=&#8220;16px&#8220; body_line_height=&#8220;1.8em&#8220; background_layout=&#8220;dark&#8220; animation_style=&#8220;fold&#8220; animation_direction=&#8220;bottom&#8220; animation_intensity_fold=&#8220;20%&#8220; animation_starting_opacity=&#8220;100%&#8220;]<\/p>\n<p>Geringer Stromverbrauch<br \/> dank moderner LED Technik<br \/> Auch im privaten Bereich<\/p>\n<p>[\/et_pb_blurb][\/et_pb_column][et_pb_column type=&#8220;1_3&#8243; _builder_version=&#8220;3.0.47&#8243;][et_pb_blurb title=&#8220;Wo immer Sie wollen&#8220; image=&#8220;https:\/\/lobomotion.de\/wp-content\/uploads\/2018\/03\/u\u0308berall.png&#8220; icon_placement=&#8220;left&#8220; admin_label=&#8220;Wo immer Sie wollen&#8220; _builder_version=&#8220;3.22.4&#8243; header_font=&#8220;LoboMotion_futurastd-extrabold|600|||||||&#8220; header_text_color=&#8220;#f8e533&#8243; header_font_size=&#8220;20px&#8220; body_font_size=&#8220;16px&#8220; body_line_height=&#8220;1.8em&#8220; background_layout=&#8220;dark&#8220; animation_style=&#8220;fold&#8220; animation_direction=&#8220;bottom&#8220; animation_intensity_fold=&#8220;20%&#8220; animation_starting_opacity=&#8220;100%&#8220;]<\/p>\n<p>F\u00fcr jeden Einsatzzweck das richtige<br \/> Licht. ,,Turns darkness into light&#8220;<br \/> Das ist unsere Philosophie!<\/p>\n<p>[\/et_pb_blurb][\/et_pb_column][\/et_pb_row][et_pb_row disabled_on=&#8220;on|on|on&#8220; _builder_version=&#8220;3.22.3&#8243; disabled=&#8220;on&#8220; locked=&#8220;off&#8220;][et_pb_column type=&#8220;4_4&#8243; _builder_version=&#8220;3.0.47&#8243;][et_pb_button button_text=&#8220;\u00dcber Lobomotion&#8220; button_alignment=&#8220;center&#8220; admin_label=&#8220;Button: Work Samples&#8220; _builder_version=&#8220;3.22.4&#8243; custom_button=&#8220;on&#8220; button_text_size=&#8220;16px&#8220; button_text_color=&#8220;#000000&#8243; button_bg_color=&#8220;#f8e533&#8243; button_border_width=&#8220;0px&#8220; button_letter_spacing=&#8220;2px&#8220; button_font=&#8220;lobomotion-futura|600||on|||||&#8220; custom_margin=&#8220;|||&#8220; custom_padding=&#8220;12px||12px|&#8220; animation_style=&#8220;fade&#8220; animation_direction=&#8220;right&#8220; button_letter_spacing_hover=&#8220;2px&#8220; locked=&#8220;off&#8220; button_text_size__hover_enabled=&#8220;off&#8220; button_one_text_size__hover_enabled=&#8220;off&#8220; button_two_text_size__hover_enabled=&#8220;off&#8220; button_text_color__hover_enabled=&#8220;off&#8220; button_one_text_color__hover_enabled=&#8220;off&#8220; button_two_text_color__hover_enabled=&#8220;off&#8220; button_border_width__hover_enabled=&#8220;off&#8220; button_one_border_width__hover_enabled=&#8220;off&#8220; button_two_border_width__hover_enabled=&#8220;off&#8220; button_border_color__hover_enabled=&#8220;off&#8220; button_one_border_color__hover_enabled=&#8220;off&#8220; button_two_border_color__hover_enabled=&#8220;off&#8220; button_border_radius__hover_enabled=&#8220;off&#8220; button_one_border_radius__hover_enabled=&#8220;off&#8220; button_two_border_radius__hover_enabled=&#8220;off&#8220; button_letter_spacing__hover_enabled=&#8220;on&#8220; button_letter_spacing__hover=&#8220;2px&#8220; button_one_letter_spacing__hover_enabled=&#8220;off&#8220; button_two_letter_spacing__hover_enabled=&#8220;off&#8220; button_bg_color__hover_enabled=&#8220;off&#8220; button_one_bg_color__hover_enabled=&#8220;off&#8220; button_two_bg_color__hover_enabled=&#8220;off&#8220;]&nbsp;<br \/>\n[\/et_pb_button][\/et_pb_column][\/et_pb_row][et_pb_row _builder_version=&#8220;3.22.3&#8243; background_size=&#8220;initial&#8220; background_position=&#8220;top_left&#8220; background_repeat=&#8220;repeat&#8220;][et_pb_column type=&#8220;4_4&#8243; _builder_version=&#8220;3.0.47&#8243;][et_pb_divider show_divider=&#8220;off&#8220; _builder_version=&#8220;3.2&#8243; background_color=&#8220;#000000&#8243;]&nbsp;<br \/>\n[\/et_pb_divider][\/et_pb_column][\/et_pb_row][et_pb_row _builder_version=&#8220;3.22.3&#8243;][et_pb_column type=&#8220;1_4&#8243; _builder_version=&#8220;3.0.47&#8243;][et_pb_cta button_url=&#8220;\/index.php\/shop\/&#8220; button_text=&#8220;Alle Produkte&#8220; admin_label=&#8220;Unsere Lampen&#8220; _builder_version=&#8220;3.22.4&#8243; header_font=&#8220;LoboMotion_futurastd-extrabold||||||||&#8220; body_font=&#8220;lobomotion-futura||||||||&#8220; use_background_color=&#8220;off&#8220; custom_button=&#8220;on&#8220; button_text_color=&#8220;#000000&#8243; button_bg_color=&#8220;#f8e533&#8243; button_font=&#8220;lobomotion-futura||||||||&#8220; button_alignment=&#8220;left&#8220; text_orientation=&#8220;left&#8220; button_text_size__hover_enabled=&#8220;off&#8220; button_one_text_size__hover_enabled=&#8220;off&#8220; button_two_text_size__hover_enabled=&#8220;off&#8220; button_text_color__hover_enabled=&#8220;off&#8220; button_one_text_color__hover_enabled=&#8220;off&#8220; button_two_text_color__hover_enabled=&#8220;off&#8220; button_border_width__hover_enabled=&#8220;off&#8220; button_one_border_width__hover_enabled=&#8220;off&#8220; button_two_border_width__hover_enabled=&#8220;off&#8220; button_border_color__hover_enabled=&#8220;off&#8220; button_one_border_color__hover_enabled=&#8220;off&#8220; button_two_border_color__hover_enabled=&#8220;off&#8220; button_border_radius__hover_enabled=&#8220;off&#8220; button_one_border_radius__hover_enabled=&#8220;off&#8220; button_two_border_radius__hover_enabled=&#8220;off&#8220; button_letter_spacing__hover_enabled=&#8220;off&#8220; button_one_letter_spacing__hover_enabled=&#8220;off&#8220; button_two_letter_spacing__hover_enabled=&#8220;off&#8220; button_bg_color__hover_enabled=&#8220;off&#8220; button_one_bg_color__hover_enabled=&#8220;off&#8220; button_two_bg_color__hover_enabled=&#8220;off&#8220;]<\/p>\n<h2><span style=\"font-size: x-large; font-family: lobomotion-futura; font-weight: normal;\">Unsere<span style=\"color: #ffed00;\">Lampen<\/span><\/span><\/h2>\n<div class=\"\"><span style=\"font-family: inherit; font-weight: normal; font-size: medium;\">Hochwertige, robuste LED Strahler f\u00fcr Extremsituationen aller Art.<\/span><\/div>\n<div class=\"\"><\/div>\n<p>Alle Produkte hier in der \u00dcbersicht!<\/p>\n<p>[\/et_pb_cta][\/et_pb_column][et_pb_column type=&#8220;1_4&#8243; _builder_version=&#8220;3.0.47&#8243;][et_pb_image src=&#8220;https:\/\/lobomotion.de\/wp-content\/uploads\/2018\/03\/PSL-Startseite.png&#8220; _builder_version=&#8220;3.0.106&#8243;]&nbsp;<br \/>\n[\/et_pb_image][\/et_pb_column][et_pb_column type=&#8220;1_4&#8243; _builder_version=&#8220;3.0.47&#8243;][et_pb_image src=&#8220;https:\/\/lobomotion.de\/wp-content\/uploads\/2018\/03\/LED-Startseite.png&#8220; _builder_version=&#8220;3.0.106&#8243;]&nbsp;<br \/>\n[\/et_pb_image][\/et_pb_column][et_pb_column type=&#8220;1_4&#8243; _builder_version=&#8220;3.0.47&#8243;][et_pb_image src=&#8220;https:\/\/lobomotion.de\/wp-content\/uploads\/2018\/03\/Zubeho\u0308r-Startseite.png&#8220; _builder_version=&#8220;3.0.106&#8243;]&nbsp;<br \/>\n[\/et_pb_image][\/et_pb_column][\/et_pb_row][\/et_pb_section][et_pb_section fb_built=&#8220;1&#8243; disabled_on=&#8220;on|on|on&#8220; _builder_version=&#8220;3.22.3&#8243; custom_padding=&#8220;0px|0px|0px|0px&#8220; disabled=&#8220;on&#8220;][et_pb_row use_custom_gutter=&#8220;on&#8220; gutter_width=&#8220;1&#8243; custom_padding=&#8220;0px||0px|&#8220; make_equal=&#8220;on&#8220; background_color_2=&#8220;#f8e533&#8243; bg_img_1=&#8220;https:\/\/lorenzboeck.blackit.de\/wp-content\/uploads\/2017\/10\/Lampe-vor-GW.jpg&#8220; use_background_color_gradient_1=&#8220;on&#8220; background_color_gradient_start_1=&#8220;rgba(43,135,218,0)&#8220; background_color_gradient_end_1=&#8220;#f8e533&#8243; background_color_gradient_direction_1=&#8220;105deg&#8220; background_color_gradient_start_position_1=&#8220;90&#8243; background_color_gradient_end_position_1=&#8220;90&#8243; background_color_gradient_overlays_image_1=&#8220;on&#8220; padding_top_2=&#8220;170px&#8220; padding_right_2=&#8220;10%&#8220; padding_bottom_2=&#8220;170px&#8220; padding_left_2=&#8220;10%&#8220; admin_label=&#8220;Feature Area&#8220; module_class=&#8220; et_pb_row_fullwidth&#8220; _builder_version=&#8220;3.22.3&#8243; width=&#8220;100%&#8220; width_tablet=&#8220;100%&#8220; width_last_edited=&#8220;on|desktop&#8220; max_width=&#8220;100%&#8220; max_width_tablet=&#8220;100%&#8220; max_width_last_edited=&#8220;on|desktop&#8220; make_fullwidth=&#8220;on&#8220;][et_pb_column type=&#8220;1_2&#8243; _builder_version=&#8220;3.0.47&#8243;][\/et_pb_column][et_pb_column type=&#8220;1_2&#8243; _builder_version=&#8220;3.0.47&#8243;][et_pb_text admin_label=&#8220;\u00dcber Lobomotion&#8220; _builder_version=&#8220;3.0.105&#8243; header_2_font=&#8220;LoboMotion_futurastd-extrabold|600||on|||||&#8220; header_2_font_size=&#8220;30px&#8220; header_2_line_height=&#8220;1.5em&#8220; custom_margin=&#8220;||5px|&#8220; animation_style=&#8220;fold&#8220; animation_direction=&#8220;left&#8220; animation_intensity_fold=&#8220;20%&#8220; animation_starting_opacity=&#8220;100%&#8220; locked=&#8220;off&#8220;]<\/p>\n<h2>\u00fcber Lobomotion<\/h2>\n<p>[\/et_pb_text][et_pb_divider show_divider=&#8220;off&#8220; _builder_version=&#8220;3.2&#8243; max_width=&#8220;23px&#8220; custom_padding=&#8220;||20px|&#8220; animation_style=&#8220;fade&#8220; locked=&#8220;off&#8220;]&nbsp;<br \/>\n[\/et_pb_divider][et_pb_text admin_label=&#8220;\u00dcber Lobomotion &#8211; Text&#8220; _builder_version=&#8220;3.0.105&#8243; text_font=&#8220;Roboto Condensed||||||||&#8220; text_font_size=&#8220;16px&#8220; text_line_height=&#8220;1.8em&#8220; header_font=&#8220;LoboMotion_futurastd-extrabold||||||||&#8220; header_2_font=&#8220;LoboMotion_futurastd-extrabold||||||||&#8220;]<\/p>\n<div class=\"\">\u201eAus der Praxis f\u00fcr die Praxis\u201c &#8211; Unter diesem Motto produziert die Firma Lobomotion seit 2013 LED Strahler f\u00fcr extreme Situationen.<\/div>\n<div class=\"\">Egal ob Feuerwehr, Rettungsdienst, Bundeswehr, Baustellen, Festivals oder vielen mehr, ist Lobomotion ein zuverl\u00e4ssiger Partner, der Sie nicht im dunkeln stehen l\u00e4sst.<\/div>\n<div class=\"\"><\/div>\n<p>[\/et_pb_text][\/et_pb_column][\/et_pb_row][\/et_pb_section]<\/p>\n","protected":false},"excerpt":{"rendered":"<p>LOBOMOtion Turns Darkness into light Unsere Produkte \u00a0In welchen Bereichen leuchten wir Katastrophenschutz Extreme Situationen erfordern zuverl\u00e4ssigstes Material f\u00fcr die Sicherheit Aller! Feuerwehr Wo sich Menschen in Not befinden, darf keiner im dunklen stehen! Veranstaltungen F\u00fcr dunkle Ecken und hell beleuchtete Fluchtwege! Baustellen Schmutz, K\u00e4lte, N\u00e4sse &#8211; auch unter widrigsten Bedingungen leuchten wir zuverl\u00e4ssig Camping [&hellip;]<\/p>\n","protected":false},"author":1,"featured_media":0,"parent":0,"menu_order":0,"comment_status":"closed","ping_status":"closed","template":"","meta":{"_et_pb_use_builder":"on","_et_pb_old_content":"","_et_gb_content_width":""},"_links":{"self":[{"href":"https:\/\/lobomotion.de\/index.php\/wp-json\/wp\/v2\/pages\/51383"}],"collection":[{"href":"https:\/\/lobomotion.de\/index.php\/wp-json\/wp\/v2\/pages"}],"about":[{"href":"https:\/\/lobomotion.de\/index.php\/wp-json\/wp\/v2\/types\/page"}],"author":[{"embeddable":true,"href":"https:\/\/lobomotion.de\/index.php\/wp-json\/wp\/v2\/users\/1"}],"replies":[{"embeddable":true,"href":"https:\/\/lobomotion.de\/index.php\/wp-json\/wp\/v2\/comments?post=51383"}],"version-history":[{"count":47,"href":"https:\/\/lobomotion.de\/index.php\/wp-json\/wp\/v2\/pages\/51383\/revisions"}],"predecessor-version":[{"id":51659,"href":"https:\/\/lobomotion.de\/index.php\/wp-json\/wp\/v2\/pages\/51383\/revisions\/51659"}],"wp:attachment":[{"href":"https:\/\/lobomotion.de\/index.php\/wp-json\/wp\/v2\/media?parent=51383"}],"curies":[{"name":"wp","href":"https:\/\/api.w.org\/{rel}","templated":true}]}}